{"id":72,"date":"2021-11-16T09:33:23","date_gmt":"2021-11-16T08:33:23","guid":{"rendered":"https:\/\/kenyaplantation.com\/?page_id=72-old"},"modified":"2021-11-16T10:50:21","modified_gmt":"2021-11-16T09:50:21","slug":"refund_returns","status":"publish","type":"page","link":"https:\/\/kenyaplantation.com\/fr\/refund_returns\/","title":{"rendered":"Politique de remboursement et de retour"},"content":{"rendered":"<p><b>Ceci est une page d'exemple.<\/b><\/p>\n\n\n\n<h3>Aper\u00e7u<\/h3>\n\n\n\n<p>Notre politique de remboursement et de retour est valable pendant 30 jours. Si 30 jours se sont \u00e9coul\u00e9s depuis votre achat, nous ne pouvons pas vous offrir un remboursement ou un \u00e9change complet.<\/p>\n\n\n\n<p>Pour \u00eatre \u00e9ligible \u00e0 un retour, ton article ne doit pas avoir \u00e9t\u00e9 utilis\u00e9 et doit \u00eatre dans le m\u00eame \u00e9tat que celui dans lequel tu l'as re\u00e7u. Il doit \u00e9galement se trouver dans son emballage d'origine.<\/p>\n\n\n\n<p>Plusieurs types de marchandises ne peuvent pas \u00eatre retourn\u00e9s. Les produits p\u00e9rissables tels que la nourriture, les fleurs, les journaux ou les magazines ne peuvent pas \u00eatre retourn\u00e9s. Nous n'acceptons pas non plus les produits qui sont des marchandises intimes ou sanitaires, des mat\u00e9riaux dangereux ou des liquides ou gaz inflammables.<\/p>\n\n\n\n<p>Articles suppl\u00e9mentaires non remboursables :<\/p>\n\n\n\n<ul class=\"wp-block-list\">\n<li>Cartes cadeaux<\/li>\n<li>Logiciels t\u00e9l\u00e9chargeables<\/li>\n<li>Quelques articles de sant\u00e9 et de soins personnels<\/li>\n<\/ul>\n\n\n\n<p>Pour compl\u00e9ter votre retour, nous avons besoin d'un re\u00e7u ou d'une preuve d'achat.<\/p>\n\n\n\n<p>Ne renvoyez pas votre achat au fabricant.<\/p>\n\n\n\n<p>Il existe certaines situations dans lesquelles seuls des remboursements partiels sont accord\u00e9s :<\/p>\n\n\n\n<ul class=\"wp-block-list\">\n<li>Livre avec des signes \u00e9vidents d'utilisation<\/li>\n<li>CD, DVD, bande VHS, logiciel, jeu vid\u00e9o, cassette ou disque vinyle qui a \u00e9t\u00e9 ouvert.<\/li>\n<li>Tout objet qui n'est pas dans son \u00e9tat d'origine, est endommag\u00e9 ou comporte des pi\u00e8ces manquantes pour des raisons qui ne sont pas dues \u00e0 notre erreur.<\/li>\n<li>Tout article retourn\u00e9 plus de 30 jours apr\u00e8s la livraison<\/li>\n<\/ul>\n\n\n\n<h2>Refunds<\/h2>\n\n\n\n<p>Une fois votre retour re\u00e7u et inspect\u00e9, nous vous enverrons un e-mail pour vous informer que nous avons bien re\u00e7u votre article retourn\u00e9. Nous t'informerons \u00e9galement de l'acceptation ou du refus de ton remboursement.<\/p>\n\n\n\n<p>Si votre demande est accept\u00e9e, votre remboursement sera trait\u00e9 et un cr\u00e9dit sera automatiquement appliqu\u00e9 \u00e0 votre carte de cr\u00e9dit ou \u00e0 votre m\u00e9thode de paiement originale, dans un certain nombre de jours.<\/p>\n\n\n\n<b>Remboursements tardifs ou manquants<\/b>\n\n\n\n<p>Si vous n'avez pas encore re\u00e7u de remboursement, v\u00e9rifiez d'abord votre compte bancaire.<\/p>\n\n\n\n<p>Ensuite, contactez votre soci\u00e9t\u00e9 de carte de cr\u00e9dit, cela peut prendre un certain temps avant que votre remboursement ne soit officiellement post\u00e9.<\/p>\n\n\n\n<p>Ensuite, contactez votre banque. Il y a souvent un certain temps de traitement avant qu'un remboursement soit post\u00e9.<\/p>\n\n\n\n<p>Si vous avez effectu\u00e9 toutes ces d\u00e9marches et que vous n'avez toujours pas re\u00e7u votre remboursement, veuillez nous contacter \u00e0 {adresse e-mail}.<\/p>\n\n\n\n<b>Articles en vente<\/b>\n\n\n\n<p>Seuls les articles \u00e0 prix normal peuvent faire l'objet d'un remboursement. Les articles en vente ne peuvent pas \u00eatre rembours\u00e9s.<\/p>\n\n\n\n<h2>Exchanges<\/h2>\n\n\n\n<p>Nous ne rempla\u00e7ons les articles que s'ils sont d\u00e9fectueux ou endommag\u00e9s. Si tu as besoin de le remplacer par le m\u00eame article, envoie-nous un e-mail \u00e0 {adresse e-mail} et envoie ton article \u00e0 : {adresse physique}.<\/p>\n\n\n\n<h2>Gifts<\/h2>\n\n\n\n<p>Si l'article a \u00e9t\u00e9 marqu\u00e9 comme un cadeau lors de son achat et exp\u00e9di\u00e9 directement chez toi, tu recevras un cr\u00e9dit cadeau correspondant \u00e0 la valeur de ton retour. Une fois que l'objet retourn\u00e9 aura \u00e9t\u00e9 re\u00e7u, un certificat cadeau te sera envoy\u00e9 par courrier.<\/p>\n\n\n\n<p>Si l'article n'\u00e9tait pas marqu\u00e9 comme cadeau au moment de l'achat, ou si le destinataire du cadeau avait exp\u00e9di\u00e9 l'ordre \u00e0 lui-m\u00eame pour te le donner plus tard, nous enverrons un remboursement au destinataire du cadeau et il se renseignera sur ton retour.<\/p>\n\n\n\n<h2>Retours de livraison<\/h2>\n\n\n\n<p>Pour retourner votre produit, vous devez l'envoyer \u00e0 : {adresse physique}.<\/p>\n\n\n\n<p>Vous serez responsable du paiement de vos propres frais d'exp\u00e9dition pour le retour de votre article. Les frais d'exp\u00e9dition ne sont pas remboursables. Si vous recevez un remboursement, les frais d'exp\u00e9dition de retour seront d\u00e9duits de votre remboursement.<\/p>\n\n\n\n<p>Selon l'endroit o\u00f9 vous vivez, le temps n\u00e9cessaire pour que votre produit \u00e9chang\u00e9 vous parvienne peut varier.<\/p>\n\n\n\n<p>Si vous renvoyez des articles plus co\u00fbteux, vous pouvez envisager d'utiliser un service d'exp\u00e9dition tra\u00e7able ou d'acheter une assurance d'exp\u00e9dition. Nous ne garantissons pas que nous recevrons votre article retourn\u00e9.<\/p>\n\n\n\n<h2>Besoin d'aide ?<\/h2>\n\n\n\n<p>Contactez-nous \u00e0 {email} pour toute question relative aux remboursements et aux retours.<\/p>","protected":false},"excerpt":{"rendered":"<p>Ceci est une page d'exemple. Aper\u00e7u Notre politique de remboursement et de retour est valable pendant 30 jours. Si 30 jours se sont \u00e9coul\u00e9s depuis votre achat, nous ne pouvons pas vous offrir un remboursement ou un \u00e9change complet. Pour \u00eatre \u00e9ligible \u00e0 un retour, votre article ne doit pas avoir \u00e9t\u00e9 utilis\u00e9 et doit \u00eatre dans le m\u00eame \u00e9tat que celui dans lequel vous l'avez re\u00e7u. Il doit \u00e9galement \u00eatre... <br \/> <a class=\"read-more\" href=\"https:\/\/kenyaplantation.com\/fr\/refund_returns\/\">Read more<\/a><\/p>","protected":false},"author":1,"featured_media":0,"parent":0,"menu_order":0,"comment_status":"closed","ping_status":"closed","template":"","meta":{"footnotes":""},"class_list":["post-72","page","type-page","status-publish","hentry"],"_links":{"self":[{"href":"https:\/\/kenyaplantation.com\/fr\/wp-json\/wp\/v2\/pages\/72","targetHints":{"allow":["GET"]}}],"collection":[{"href":"https:\/\/kenyaplantation.com\/fr\/wp-json\/wp\/v2\/pages"}],"about":[{"href":"https:\/\/kenyaplantation.com\/fr\/wp-json\/wp\/v2\/types\/page"}],"author":[{"embeddable":true,"href":"https:\/\/kenyaplantation.com\/fr\/wp-json\/wp\/v2\/users\/1"}],"replies":[{"embeddable":true,"href":"https:\/\/kenyaplantation.com\/fr\/wp-json\/wp\/v2\/comments?post=72"}],"version-history":[{"count":2,"href":"https:\/\/kenyaplantation.com\/fr\/wp-json\/wp\/v2\/pages\/72\/revisions"}],"predecessor-version":[{"id":477,"href":"https:\/\/kenyaplantation.com\/fr\/wp-json\/wp\/v2\/pages\/72\/revisions\/477"}],"wp:attachment":[{"href":"https:\/\/kenyaplantation.com\/fr\/wp-json\/wp\/v2\/media?parent=72"}],"curies":[{"name":"wp","href":"https:\/\/api.w.org\/{rel}","templated":true}]}}