{"id":642,"date":"2023-09-04T09:09:08","date_gmt":"2023-09-04T07:09:08","guid":{"rendered":"https:\/\/kenyaplantation.com\/?page_id=642"},"modified":"2023-09-04T09:14:58","modified_gmt":"2023-09-04T07:14:58","slug":"kaffee-bestellen","status":"publish","type":"page","link":"https:\/\/kenyaplantation.com\/fr\/kaffee-bestellen\/","title":{"rendered":"Commander du caf\u00e9"},"content":{"rendered":"<div data-label=\"Content\" data-id=\"content--1\" data-export-id=\"content-7-mc\" data-category=\"content\" class=\"content-7-mc content-section content-section-spacing\" id=\"content-1\"  style=\"background-color: rgb(245, 250, 253);\"><div class=\"gridContainer\" > <div class=\"row middle-sm\" ><div class=\"col-sm-6 space-bottom-xs\" data-type=\"column\" > <h2 class=\"\" >R\u00e9cup\u00e9rez votre caf\u00e9<\/h2> <p class=\"\" >Nous vous envoyons votre caf\u00e9 une fois par an. Pour cela, veuillez utiliser votre bon. Vous recevrez un nouveau bon pour l'ann\u00e9e suivante en m\u00eame temps que le caf\u00e9.&nbsp;\n<br ><br >\n<br >Veuillez scanner ou photographier votre bon et nous l'envoyer par e-mail<\/p> <a class=\"button color1\" href=\"mailto:team@noble-society.net\" target=\"_self\" data-cp-link=\"1\" data-icon=\"\" rel=\"noopener\">Envoyer le bon par e-mail<\/a><\/div> <div class=\"col-sm-6\" data-type=\"column\" > <img decoding=\"async\" class=\"shadow-large\" src=\"https:\/\/kenyaplantation.com\/wp-content\/uploads\/2021\/11\/cropped-cropped-kaffe_tasse_kenia-1.jpg\"  title=\"cropped-cropped-caf\u00e9_tasse_kenia-1.jpg\" alt=\"\"><\/div> <\/div><\/div> <\/div>","protected":false},"excerpt":{"rendered":"<p>R\u00e9cup\u00e9rez votre caf\u00e9 Nous vous envoyons votre caf\u00e9 une fois par an. Pour cela, veuillez \u00e9changer votre bon. Vous recevrez un nouveau bon pour l'ann\u00e9e suivante en m\u00eame temps que votre caf\u00e9.  Veuillez scanner ou photographier votre bon et nous l'envoyer par e-mail Envoyer le bon par e-mail<\/p>","protected":false},"author":1,"featured_media":0,"parent":0,"menu_order":0,"comment_status":"closed","ping_status":"closed","template":"pro\/page-templates\/full-width-page.php","meta":{"footnotes":""},"class_list":["post-642","page","type-page","status-publish","hentry"],"_links":{"self":[{"href":"https:\/\/kenyaplantation.com\/fr\/wp-json\/wp\/v2\/pages\/642","targetHints":{"allow":["GET"]}}],"collection":[{"href":"https:\/\/kenyaplantation.com\/fr\/wp-json\/wp\/v2\/pages"}],"about":[{"href":"https:\/\/kenyaplantation.com\/fr\/wp-json\/wp\/v2\/types\/page"}],"author":[{"embeddable":true,"href":"https:\/\/kenyaplantation.com\/fr\/wp-json\/wp\/v2\/users\/1"}],"replies":[{"embeddable":true,"href":"https:\/\/kenyaplantation.com\/fr\/wp-json\/wp\/v2\/comments?post=642"}],"version-history":[{"count":3,"href":"https:\/\/kenyaplantation.com\/fr\/wp-json\/wp\/v2\/pages\/642\/revisions"}],"predecessor-version":[{"id":647,"href":"https:\/\/kenyaplantation.com\/fr\/wp-json\/wp\/v2\/pages\/642\/revisions\/647"}],"wp:attachment":[{"href":"https:\/\/kenyaplantation.com\/fr\/wp-json\/wp\/v2\/media?parent=642"}],"curies":[{"name":"wp","href":"https:\/\/api.w.org\/{rel}","templated":true}]}}