{"id":34,"date":"2021-04-18T15:33:20","date_gmt":"2021-04-18T13:33:20","guid":{"rendered":"https:\/\/kenyaplantation.com\/?page_id=34-old"},"modified":"2021-11-16T10:50:57","modified_gmt":"2021-11-16T09:50:57","slug":"shipping","status":"publish","type":"page","link":"https:\/\/kenyaplantation.com\/fr\/shipping\/","title":{"rendered":"Paiement et livraison"},"content":{"rendered":"<h3 class=\"wp-block-heading\">Exp\u00e9dition rapide et assur\u00e9e<\/h3>\n\n\n\n<p>Nous envoyons toutes les commandes avec\u00a0<strong>DHL et Parcel One\u00a0<\/strong>et vous communiquons automatiquement le num\u00e9ro de colis par e-mail. Toutes les commandes sont trait\u00e9es et exp\u00e9di\u00e9es dans les 24 heures les jours ouvrables.<\/p>\n\n\n\n<h3 class=\"wp-block-heading\"><strong>L'envoi se fait depuis l'Allemagne<\/strong><\/h3>\n\n\n\n<ul class=\"wp-block-list\"><li>Exp\u00e9dition standard dans le monde entier : 7,90<\/li><li>Envoi avec suivi dans le monde entier : 12,90<\/li><\/ul>\n\n\n\n<h3 class=\"wp-block-heading\"><strong>Modes de paiement pratiques<\/strong><\/h3>\n\n\n\n<ul class=\"wp-block-list\"><li>Carte de cr\u00e9dit via STRIPE<\/li><li>Acceptation de VISA \/ MASTERCARD via Paypal<\/li><\/ul>\n\n\n\n<h3 class=\"wp-block-heading\"><strong>Exp\u00e9dition rapide, dans le monde entier<\/strong><\/h3>\n\n\n\n<ul class=\"wp-block-list\"><li><span style=\"font-size: 1rem;\">Europe : 2 - 6 jours ouvrables<\/span><\/li><li>Monde 3-12 jours ouvrables<\/li><\/ul>\n\n\n\n<p><\/p>","protected":false},"excerpt":{"rendered":"<p>Exp\u00e9dition rapide et assur\u00e9e Nous exp\u00e9dions toutes les commandes par DHL et Parcel One et vous communiquons automatiquement le num\u00e9ro de colis par e-mail. Toutes les commandes sont trait\u00e9es et exp\u00e9di\u00e9es dans les 24 heures les jours ouvrables. L'exp\u00e9dition se fait depuis l'Allemagne Exp\u00e9dition standard dans le monde entier : 7,90 Exp\u00e9dition avec suivi dans le monde entier : 12,90 Modes de paiement pratiques Carte de cr\u00e9dit via STRIPE VISA \/ MASTERCARD Acceptation via... <br \/> <a class=\"read-more\" href=\"https:\/\/kenyaplantation.com\/fr\/shipping\/\">Read more<\/a><\/p>","protected":false},"author":1,"featured_media":0,"parent":0,"menu_order":0,"comment_status":"closed","ping_status":"closed","template":"","meta":{"footnotes":""},"class_list":["post-34","page","type-page","status-publish","hentry"],"_links":{"self":[{"href":"https:\/\/kenyaplantation.com\/fr\/wp-json\/wp\/v2\/pages\/34","targetHints":{"allow":["GET"]}}],"collection":[{"href":"https:\/\/kenyaplantation.com\/fr\/wp-json\/wp\/v2\/pages"}],"about":[{"href":"https:\/\/kenyaplantation.com\/fr\/wp-json\/wp\/v2\/types\/page"}],"author":[{"embeddable":true,"href":"https:\/\/kenyaplantation.com\/fr\/wp-json\/wp\/v2\/users\/1"}],"replies":[{"embeddable":true,"href":"https:\/\/kenyaplantation.com\/fr\/wp-json\/wp\/v2\/comments?post=34"}],"version-history":[{"count":9,"href":"https:\/\/kenyaplantation.com\/fr\/wp-json\/wp\/v2\/pages\/34\/revisions"}],"predecessor-version":[{"id":483,"href":"https:\/\/kenyaplantation.com\/fr\/wp-json\/wp\/v2\/pages\/34\/revisions\/483"}],"wp:attachment":[{"href":"https:\/\/kenyaplantation.com\/fr\/wp-json\/wp\/v2\/media?parent=34"}],"curies":[{"name":"wp","href":"https:\/\/api.w.org\/{rel}","templated":true}]}}