{"id":32,"date":"2021-04-18T15:32:54","date_gmt":"2021-04-18T13:32:54","guid":{"rendered":"https:\/\/kenyaplantation.com\/?page_id=32-old"},"modified":"2021-11-16T13:49:08","modified_gmt":"2021-11-16T12:49:08","slug":"contact-us","status":"publish","type":"page","link":"https:\/\/kenyaplantation.com\/fr\/contact-us\/","title":{"rendered":"Contact"},"content":{"rendered":"<div data-label=\"About\" data-id=\"about--1\" data-export-id=\"about-text-image\" data-category=\"about\" class=\"about-text-image content-section content-section-spacing\" id=\"about-1\"  style=\"background-color: rgba(52, 58, 64, 0.863); background-image: none;\"><div class=\"gridContainer\" > <div class=\"row\" ><div class=\"col-sm-6 col-padding-small-xs col-sm-padding-large bg-color5 white-text content-col\" data-type=\"column\" > <h5 class=\"\" >Vos commandes sont trait\u00e9es en notre nom par<\/h5> <h2 class=\"\" ><span style=\"font-family: &quot;Playfair Display&quot;, arial, helvetica, sans-serif; font-weight: 700; font-style: italic;\" >Services de la soci\u00e9t\u00e9 Noble<\/span><\/h2> <p class=\"\" >Anneau Marshall-Heights 13R<br >\n97318 Kitzingen<br >\nAllemagne<br ><\/p><a class=\"button big force-shadow color3\" href=\"mailto:team@noble-society.net\" target=\"_self\" data-cp-link=\"1\" data-icon=\"\" rel=\"noopener\">Email<\/a><a class=\"button big force-shadow color5\" href=\"https:\/\/wa.me\/message\/ZDIVCOIECDSWN1\" target=\"_self\" data-cp-link=\"1\" data-icon=\"\" rel=\"noopener\">Whatsapp<\/a><\/div> <div class=\"col-sm-6 flexbox-strech center-xs middle-xs no-gutter-col\" ><div class=\"shadow-large overlap-left-large flexbox middle-xs center-xs right-img\" data-bg=\"image\"  style=\"background-image: url(&quot;https:\/\/kenyaplantation.com\/wp-content\/uploads\/2021\/11\/cropped-support.jpg&quot;);\"><\/div><\/div> <\/div><\/div> <\/div><div data-label=\"Contact\" data-id=\"contact--1\" data-export-id=\"contact-6\" data-category=\"contact\" class=\"contact-5 content-section content-section-spacing white-text\" id=\"contact-1\"  style=\"background-color: rgba(52, 58, 64, 0.863); background-image: none;\"><div class=\"gridContainer\" > <div class=\"row text-center\" ><div class=\"section-title-col\" data-type=\"column\" > <h2 class=\"\" >terra presenta Ltd.<\/h2> <p class=\"lead\" >Nous sommes tr\u00e8s heureux que vous nous ayez trouv\u00e9s<\/p><\/div> <\/div> <div class=\"row middle-sm\" > <div class=\"col-xs-12 col-sm-6 image-holder space-bottom-xs\" > <div data-content-shortcode=\"mesmerize_maps address=&quot;La Ciotat, Mont Fleuri&quot; zoom=&quot;65&quot;\" data-editable=\"true\" class=\"shadow-medium\" >        <div class=\"mesmerize-google-maps\" style=\"width:100%\">\n            <iframe style=\"width:100%; height:100%;min-height:inherit;display:block;\" src=\"https:\/\/maps.google.com\/maps?q=La%20Ciotat,%20Mont%20Fleuri&#038;z=14&#038;output=embed&#038;iwloc=near\"><\/iframe>\n        <\/div>\n    <\/div><\/div> <div class=\"col-xs-12 col-sm-6\" ><div class=\"row middle-sm\" > <div data-type=\"column\" class=\"col-xs-12 space-bottom-small\" ><\/div> <\/div> <div class=\"row middle-sm\" data-type=\"row\" > <div class=\"col-xs-12 space-bottom-small\" > <div class=\"row\" > <div data-type=\"column\" class=\"col-xs-12 col-sm-fit label-col\" > <h5 class=\"\" >Adresse :<\/h5><\/div> <div data-type=\"column\" class=\"col-xs-12 col-sm\" ><p class=\"\" >Suite 10, 3rd Floor<br >\nLa Ciotat, Mont Fleuri<br >\nMah\u00e9, Seychelles<\/p><\/div> <\/div><\/div> <div class=\"col-xs-12 space-bottom-small\" ><div class=\"row\" > <div data-type=\"column\" class=\"col-xs-12 col-sm-fit label-col\" ><h5 class=\"\" >T\u00e9l\u00e9phone<\/h5><\/div> <div data-type=\"column\" class=\"col-xs-12 col-sm\" ><p class=\"\" >+248 256 24 49<\/p><\/div> <\/div><\/div> <div class=\"col-xs-12 space-bottom-small\" ><div class=\"row\" > <div data-type=\"column\" class=\"col-xs-12 col-sm-fit label-col\" ><h5 class=\"\" >Email :<\/h5><\/div> <div data-type=\"column\" class=\"col-xs-12 col-sm\" ><a href=\"mailto:\" class=\"\" target=\"_self\" data-cp-link=\"1\" rel=\"noopener\">desk@terrapresenta.com<\/a><\/div> <\/div><\/div> <\/div> <\/div><\/div> <\/div><\/div>","protected":false},"excerpt":{"rendered":"<p>Vos commandes sont trait\u00e9es en notre nom par Noble Society Services Marshall-Heights-Ring 13R 97318 Kitzingen GermanyEmailWhatsapp terra presenta Ltd. Nous sommes tr\u00e8s heureux que vous nous ayez trouv\u00e9s Adresse : Suite 10, 3rd Floor La Ciotat, Mont Fleuri Mah\u00e9, Seychelles T\u00e9l\u00e9phone +248 256 24 49 Email : desk@terrapresenta.com<\/p>","protected":false},"author":1,"featured_media":0,"parent":0,"menu_order":0,"comment_status":"closed","ping_status":"closed","template":"pro\/page-templates\/full-width-page.php","meta":{"footnotes":""},"class_list":["post-32","page","type-page","status-publish","hentry"],"_links":{"self":[{"href":"https:\/\/kenyaplantation.com\/fr\/wp-json\/wp\/v2\/pages\/32","targetHints":{"allow":["GET"]}}],"collection":[{"href":"https:\/\/kenyaplantation.com\/fr\/wp-json\/wp\/v2\/pages"}],"about":[{"href":"https:\/\/kenyaplantation.com\/fr\/wp-json\/wp\/v2\/types\/page"}],"author":[{"embeddable":true,"href":"https:\/\/kenyaplantation.com\/fr\/wp-json\/wp\/v2\/users\/1"}],"replies":[{"embeddable":true,"href":"https:\/\/kenyaplantation.com\/fr\/wp-json\/wp\/v2\/comments?post=32"}],"version-history":[{"count":11,"href":"https:\/\/kenyaplantation.com\/fr\/wp-json\/wp\/v2\/pages\/32\/revisions"}],"predecessor-version":[{"id":618,"href":"https:\/\/kenyaplantation.com\/fr\/wp-json\/wp\/v2\/pages\/32\/revisions\/618"}],"wp:attachment":[{"href":"https:\/\/kenyaplantation.com\/fr\/wp-json\/wp\/v2\/media?parent=32"}],"curies":[{"name":"wp","href":"https:\/\/api.w.org\/{rel}","templated":true}]}}