{"id":30,"date":"2021-04-18T15:32:44","date_gmt":"2021-04-18T13:32:44","guid":{"rendered":"https:\/\/kenyaplantation.com\/?page_id=30-old"},"modified":"2021-11-16T13:35:38","modified_gmt":"2021-11-16T12:35:38","slug":"about-us","status":"publish","type":"page","link":"https:\/\/kenyaplantation.com\/fr\/about-us\/","title":{"rendered":"A propos de nous"},"content":{"rendered":"<div data-label=\"About\" data-id=\"about--1\" data-export-id=\"about-text-image\" data-category=\"about\" class=\"about-text-image content-section content-section-spacing\" id=\"about-1\"  style=\"background-color: rgba(52, 58, 64, 0.91); background-image: none;\"><div class=\"gridContainer\" > <div class=\"row\" ><div class=\"col-sm-6 col-padding-small-xs col-sm-padding-large bg-color5 white-text content-col\" data-type=\"column\" > <h5 class=\"\" >terra presenta Ltd.<\/h5> <h2 class=\"\" >Nous soutenons des fermes en <span style=\"font-family: &quot;Playfair Display&quot;, arial, helvetica, sans-serif; font-weight: 600; font-style: italic;\" >Afrique<\/span>, <span style=\"font-family: &quot;Playfair Display&quot;, arial, helvetica, sans-serif; font-weight: 600; font-style: italic;\" >Asie <\/span>et&nbsp; <span style=\"font-family: &quot;Playfair Display&quot;, arial, helvetica, sans-serif; font-weight: 600; font-style: italic;\" >Am\u00e9rique latine<\/span> avec des investissements cibl\u00e9s<\/h2> <p class=\"\"  style=\"text-align: justify;\">Notre travail se concentre sur les fermes et les plantations qui sont confront\u00e9es \u00e0 des d\u00e9fis en raison de changements \u00e9conomiques dans leur environnement. Nous les aidons en leur proposant des investissements g\u00e9rables. En tant qu'entreprise ind\u00e9pendante, en contact direct avec les fermiers et les propri\u00e9taires de plantations, nous pouvons agir rapidement et individuellement sans trop de travail administratif.<\/p><\/div> <div class=\"col-sm-6 flexbox-strech center-xs middle-xs no-gutter-col\" ><div class=\"shadow-large overlap-left-large flexbox middle-xs center-xs right-img\" data-bg=\"image\"  style=\"background-image: url(&quot;https:\/\/kenyaplantation.com\/wp-content\/uploads\/2021\/11\/cropped-team-scaled-1.jpg&quot;);\"><\/div><\/div> <\/div><\/div> <\/div><div data-label=\"About\" data-id=\"about--2\" data-export-id=\"about-image-text\" data-category=\"about\" class=\"about-image-text content-section content-section-spacing\" id=\"about-2\"  style=\"background-color: rgba(52, 58, 64, 0.91); background-image: none;\"><div class=\"gridContainer\" > <div class=\"row\" ><div class=\"col-sm-6 flexbox-strech center-xs middle-xs no-gutter-col\" > <div class=\"shadow-large overlap-right-large flexbox middle-xs center-xs left-img\" data-bg=\"image\"  style=\"background-image: url(&quot;https:\/\/kenyaplantation.com\/wp-content\/uploads\/2021\/11\/cropped-asien-girl-scaled-1.jpg&quot;);\"><\/div><\/div> <div class=\"col-sm-6 space-bottom-xs col-padding-small-xs col-sm-padding-large bg-color5 white-text content-col\" data-type=\"column\" >  <p class=\"\"  style=\"text-align: justify;\">Dans de nombreux pays, il existe de grandes injustices qui p\u00e9nalisent les agriculteurs locaux. Dans les r\u00e9gions les plus pauvres du monde notamment, les biens de consommation courante sont g\u00e9n\u00e9ralement vendus par de grands groupes. Cela n'est pas d\u00fb \u00e0 un manque de ressources, mais au fait que les grands groupes rendent les cultures locales non rentables en pratiquant des prix de dumping. C'est pr\u00e9cis\u00e9ment l\u00e0 que notre travail intervient. Gr\u00e2ce \u00e0 l'initiative locale, nous soutenons directement le paysan et donc toute la r\u00e9gion. Nous voulons donner aux agriculteurs les moyens d'\u00eatre rentables. Notre objectif est de permettre \u00e0 nos partenaires de d\u00e9terminer eux-m\u00eames leur propre voie de d\u00e9veloppement en s'engageant pour un progr\u00e8s \u00e9conomique, \u00e9cologique et social global.<\/p><\/div> <\/div><\/div> <\/div><div data-label=\"Content\" data-id=\"content--1\" data-export-id=\"content-12\" data-category=\"content\" class=\"content-12 content-section content-section-spacing white-text\" id=\"content-1\"  style=\"background-color: rgba(52, 58, 64, 0.91); background-image: none;\"><div class=\"gridContainer\" > <div class=\"row text-center\" ><div class=\"section-title-col\" data-type=\"column\" >  <p class=\"lead\" >Si vous souhaitez participer \u00e0 un projet, nous vous proposons de devenir symboliquement copropri\u00e9taire d'une plantation ou d'une ferme. Vous recevez un beau et magnifique titre de propri\u00e9t\u00e9 et, dans de nombreux cas, m\u00eame un titre de noblesse. Vous soutiendrez ainsi directement le projet en question et aurez dans votre salon un certificat encadr\u00e9 qui ne manquera pas d'\u00e9tonner et de susciter de nombreuses discussions.\n<br ><\/p><a class=\"button big force-shadow color3\" href=\"https:\/\/kenyaplantation.com\/fr\/contact-us\/\" target=\"_self\" data-cp-link=\"1\" data-icon=\"\" rel=\"noopener\">Contact<\/a><p  class=\"\">\n<br ><\/p><\/div> <\/div> <div class=\"row center-xs middle-xs\" > <div class=\"col-sm-9\" data-type=\"column\" > <img decoding=\"async\" class=\"shadow-large\" src=\"https:\/\/kenyaplantation.com\/wp-content\/uploads\/2021\/11\/cropped-freude-scaled-1.jpg\"  title=\"cropped-freude-scaled-1.jpg\" alt=\"\"><\/div> <\/div><\/div> <\/div>","protected":false},"excerpt":{"rendered":"<p>terra presenta Ltd. nous soutenons les exploitations agricoles en Afrique, en Asie et en Am\u00e9rique latine avec des investissements cibl\u00e9s Nous mettons l'accent sur les exploitations agricoles et les plantations qui sont confront\u00e9es \u00e0 des d\u00e9fis en raison des changements \u00e9conomiques dans leur environnement. C'est l\u00e0 que nous apportons notre aide par des investissements g\u00e9rables. En tant qu'entreprise ind\u00e9pendante, en contact direct avec les agriculteurs et les propri\u00e9taires de plantations, nous pouvons, sans... <br \/> <a class=\"read-more\" href=\"https:\/\/kenyaplantation.com\/fr\/about-us\/\">Read more<\/a><\/p>","protected":false},"author":1,"featured_media":0,"parent":0,"menu_order":0,"comment_status":"closed","ping_status":"closed","template":"pro\/page-templates\/full-width-page.php","meta":{"footnotes":""},"class_list":["post-30","page","type-page","status-publish","hentry"],"_links":{"self":[{"href":"https:\/\/kenyaplantation.com\/fr\/wp-json\/wp\/v2\/pages\/30","targetHints":{"allow":["GET"]}}],"collection":[{"href":"https:\/\/kenyaplantation.com\/fr\/wp-json\/wp\/v2\/pages"}],"about":[{"href":"https:\/\/kenyaplantation.com\/fr\/wp-json\/wp\/v2\/types\/page"}],"author":[{"embeddable":true,"href":"https:\/\/kenyaplantation.com\/fr\/wp-json\/wp\/v2\/users\/1"}],"replies":[{"embeddable":true,"href":"https:\/\/kenyaplantation.com\/fr\/wp-json\/wp\/v2\/comments?post=30"}],"version-history":[{"count":11,"href":"https:\/\/kenyaplantation.com\/fr\/wp-json\/wp\/v2\/pages\/30\/revisions"}],"predecessor-version":[{"id":606,"href":"https:\/\/kenyaplantation.com\/fr\/wp-json\/wp\/v2\/pages\/30\/revisions\/606"}],"wp:attachment":[{"href":"https:\/\/kenyaplantation.com\/fr\/wp-json\/wp\/v2\/media?parent=30"}],"curies":[{"name":"wp","href":"https:\/\/api.w.org\/{rel}","templated":true}]}}