{"id":12,"date":"2021-04-18T14:56:44","date_gmt":"2021-04-18T12:56:44","guid":{"rendered":"https:\/\/kenyaplantation.com\/?page_id=12-old"},"modified":"2023-04-19T08:24:06","modified_gmt":"2023-04-19T06:24:06","slug":"kenya-plantation","status":"publish","type":"page","link":"https:\/\/kenyaplantation.com\/fr\/","title":{"rendered":"Ma propre plantation de caf\u00e9"},"content":{"rendered":"<div  data-label=\"About\" data-id=\"about--1\" data-export-id=\"about-text-image\" data-category=\"about\" class=\"about-text-image content-section content-section-spacing\" id=\"about-1\" style=\"background-color: rgba(52, 58, 64, 0.584); background-image: none;\"><div  class=\"gridContainer\"> <div  class=\"row\"><div  class=\"col-sm-6 col-padding-small-xs col-sm-padding-large bg-color5 white-text content-col\" data-type=\"column\"> <h5  class=\"\">Un accueil chaleureux<\/h5> <h2  class=\"\">Devenez <span  style=\"font-family: &quot;Playfair Display&quot;, arial, helvetica, sans-serif; font-weight: 700; font-style: italic;\">Copropri\u00e9taire<\/span> d'une <span  style=\"font-style: italic;\"><span  style=\"font-family: &quot;Playfair Display&quot;, arial, helvetica, sans-serif; font-weight: 600;\">Plantation de caf\u00e9 au Kenya&nbsp;<\/span><\/span><\/h2> <\/div> <div  class=\"col-sm-6 flexbox-strech center-xs middle-xs no-gutter-col\"><div  class=\"shadow-large overlap-left-large flexbox middle-xs center-xs right-img\" data-bg=\"image\" style=\"background-image: url(&quot;https:\/\/kenyaplantation.com\/wp-content\/uploads\/2021\/10\/cropped-keniakaffeeplantage.jpg&quot;);\"><\/div><\/div> <\/div><\/div> <\/div><div  data-label=\"About\" data-id=\"about--2\" data-export-id=\"about-images-right-section-mc\" data-category=\"about\" class=\"about-images-right-section-mc content-section content-section-spacing\" id=\"about-2\" style=\"background-color: rgba(251, 192, 45, 0.435); background-image: none;\"><div  class=\"gridContainer\"> <div  class=\"row middle-sm text-center\"><div  class=\"col-sm-5 content-left-sm\" data-type=\"column\"> <h5  class=\"\">Comt\u00e9 de Nakuru, Kenya<\/h5> <h2  class=\"\">Assurez-vous un caf\u00e9 gratuit \u00e0 vie de votre propre plantation !<\/h2> <p  class=\"\">\u00c0 environ 30 kilom\u00e8tres au nord de Nairobi, la capitale du Kenya, nous avons achet\u00e9 un petit terrain dans le comt\u00e9 de Nakuru. Les habitants des environs y cultivent du caf\u00e9. Nous payons un salaire bien sup\u00e9rieur \u00e0 la moyenne et fournissons aux cultivateurs tous les outils, l'eau et les moyens de transport n\u00e9cessaires. Cette plantation de caf\u00e9 est financ\u00e9e par votre achat d'une copropri\u00e9t\u00e9.<\/p> <\/div> <div  class=\"col-sm-7 space-bottom-xs\"><div  class=\"image-group-side-3-img\"> <img decoding=\"async\"  class=\"topimg shadow-large\" src=\"https:\/\/kenyaplantation.com\/wp-content\/uploads\/2021\/11\/cropped-kaffee1.jpg\" title=\"cropped-caf\u00e91.jpg\" alt=\"\"> <img decoding=\"async\"  class=\"rightimg shadow-large\" src=\"https:\/\/kenyaplantation.com\/wp-content\/uploads\/2021\/11\/cropped-kaffee03.jpg\" title=\"cropped-cafe03.jpg\" alt=\"\"> <div  class=\"leftimg\"> <img decoding=\"async\"  class=\"shadow-large\" src=\"https:\/\/kenyaplantation.com\/wp-content\/uploads\/2021\/11\/cropped-kaffee01.jpg\" title=\"cropped-cafe01.jpg\" alt=\"\"><\/div> <\/div><\/div> <\/div><\/div> <\/div><div  data-label=\"About\" data-id=\"about--3\" data-export-id=\"about-image-text\" data-category=\"about\" class=\"about-image-text content-section content-section-spacing\" id=\"about-3\" style=\"background-color: rgba(52, 58, 64, 0.58); background-image: none;\"><div  class=\"gridContainer\"> <div  class=\"row\"><div  class=\"col-sm-6 flexbox-strech center-xs middle-xs no-gutter-col\"> <div  class=\"shadow-large overlap-right-large flexbox middle-xs center-xs left-img\" data-bg=\"image\" style=\"background-image: url(&quot;https:\/\/kenyaplantation.com\/wp-content\/uploads\/2021\/11\/cropped-embu-garten.jpg&quot;);\"><\/div><\/div> <div  class=\"col-sm-6 space-bottom-xs col-padding-small-xs col-sm-padding-large bg-color5 white-text content-col\" data-type=\"column\"><h5  class=\"\">Comt\u00e9 d'Embu, Kenya<\/h5> <h2  class=\"\">Jardin communautaire \u00e0 <span  style=\"font-family: &quot;Playfair Display&quot;, arial, helvetica, sans-serif; font-weight: 600; font-style: italic;\">Comt\u00e9 d'Embu<\/span>, Kenya<\/h2> <p  class=\"\">Outre la plantation de caf\u00e9, nous avons \u00e9galement achet\u00e9 un petit terrain \u00e0 Embu ( \u00e0 environ 120 kilom\u00e8tres au nord-est de Nairobi, en direction du Mont Kenya ). Nous y avons construit un puits et les habitants du village voisin peuvent cultiver sur ce terrain ce dont ils ont besoin. Il s'agit principalement de l\u00e9gumes, mais quelques herbes aromatiques y poussent \u00e9galement. Le jardin communautaire est cofinanc\u00e9 par les recettes de la plantation de caf\u00e9 et les habitants gardent l'int\u00e9gralit\u00e9 de la r\u00e9colte pour eux.<\/p><\/div> <\/div><\/div> <\/div><div  data-label=\"Content\" data-id=\"content--1\" data-export-id=\"content-15\" data-category=\"content\" class=\"content-15 content-section content-section-spacing\" id=\"content-1\" style=\"background-color: rgba(251, 192, 45, 0.435); background-image: none;\"><div  class=\"gridContainer\"> <div  class=\"row middle-sm\"><div  class=\"col-sm-6 flexbox around-xs top-xs space-bottom-xs space-top-xs\"> <div  class=\"overlay-box flexbox middle-xs center-xs overlay-holder\"><div  class=\"overlay-box-offset offset-border shadow-medium border-color2 hide-xs\"><\/div> <img decoding=\"async\"  class=\"flexbox shadow-large img1\" data-size=\"500x500\" src=\"https:\/\/kenyaplantation.com\/wp-content\/uploads\/2021\/11\/cropped-kaffe_tasse_kenia.jpg\" title=\"cropped-caf\u00e9_tasse_kenia.jpg\" alt=\"\"><\/div> <\/div> <div  class=\"col-sm-6\" data-type=\"column\"> <h2  class=\"\">Chaque ann\u00e9e <span  id=\"_mce_caret\" data-mce-bogus=\"1\" data-mce-type=\"format-caret\"><span  style=\"font-weight: 600;\"><\/span><\/span>vous recevrez un <span  style=\"font-family: &quot;Playfair Display&quot;, arial, helvetica, sans-serif; font-weight: 700; font-style: italic;\">livre de caf\u00e9<\/span> de votre plantation<\/h2> <p  class=\"\">Pour cela, nous vous donnons un code de bon d'achat et vous pouvez r\u00e9cup\u00e9rer votre caf\u00e9. Seuls les frais d'envoi sont \u00e0 votre charge. Nous nous chargeons de tout, de la r\u00e9colte \u00e0 l'exp\u00e9dition, en passant par la torr\u00e9faction.<\/p> <\/div> <\/div><\/div> <\/div><div  data-label=\"Features\" data-id=\"features--1\" data-export-id=\"features-16-card-bordered-mc\" data-category=\"features\" class=\"features-16-card-bordered-mc content-section content-section-spacing section-title-col-white-text\" id=\"features-1\" style=\"background-color: rgba(52, 58, 64, 0.706); background-image: none;\"><div  class=\"gridContainer\"> <div  class=\"row text-center\"><div  class=\"section-title-col\" data-type=\"column\"> <h5  class=\"\">Devenez propri\u00e9taire de plantations<\/h5> <h2  class=\"\">Pour vous-m\u00eame ou comme super id\u00e9e de cadeau<\/h2> <p  class=\"lead\">Il n'y a pas de frais de suivi. Avec votre paiement, vous \u00eates copropri\u00e9taire de la plantation de caf\u00e9. Pour le caf\u00e9 \u00e0 la demande, seuls les frais d'envoi sont factur\u00e9s dans le cadre habituel.<\/p><\/div> <\/div> <div  class=\"row spaced-cols\" data-type=\"row\"> <div  class=\"col-xs-12 col-sm-6 col-md-4\"> <div  class=\"card no-padding bordered y-move\"> <img decoding=\"async\"  class=\"face\" src=\"https:\/\/kenyaplantation.com\/wp-content\/uploads\/2021\/11\/cropped-kenia-kaffeeplantage-kaufen.jpg\" title=\"cropped-kenia-plantation-de-caf\u00e9-acheter.jpg\" alt=\"\"> <div  data-type=\"column\" class=\"col-padding-small col-padding-small-xs description-container\"> <h4  class=\"font-500\">&nbsp;Acte de propri\u00e9t\u00e9<\/h4> <p  class=\"\">Vous recevrez bien s\u00fbr une w<span  style=\"font-size: 1rem;\">un acte de propri\u00e9t\u00e9 magnifiquement con\u00e7u. Vous y trouverez votre nom, la date et l'emplacement exact de la plantation de caf\u00e9.<\/span><\/p><\/div> <div  data-type=\"column\" class=\"col-padding-small col-padding-small-xs read-more-container\"><\/div> <\/div><\/div> <div  class=\"col-xs-12 col-sm-6 col-md-4\"><div  class=\"card no-padding bordered y-move\"> <img decoding=\"async\"  class=\"face\" src=\"https:\/\/kenyaplantation.com\/wp-content\/uploads\/2021\/11\/cropped-kenia_farmer.jpg\" title=\"cropped-kenia_farmer.jpg\" alt=\"\"> <div  data-type=\"column\" class=\"col-padding-small col-padding-small-xs description-container\"> <h4  class=\"font-500\">Informations<\/h4> <p  class=\"\">Une grande brochure tr\u00e8s compl\u00e8te et en couleur donne des informations sur le projet, le pays et les habitants. Le tout est pr\u00e9sent\u00e9 dans une belle pochette cadeau<\/p><\/div> <div  data-type=\"column\" class=\"col-padding-small col-padding-small-xs read-more-container\"><\/div> <\/div><\/div> <div  class=\"col-xs-12 col-sm-6 col-md-4\"><div  class=\"card no-padding bordered y-move\"> <img decoding=\"async\"  class=\"face\" src=\"https:\/\/kenyaplantation.com\/wp-content\/uploads\/2021\/11\/cropped-eigener-kaffee-plantage.jpg\" title=\"cropped-propre-plantation-de-caf\u00e9.jpg\" alt=\"\"> <div  data-type=\"column\" class=\"col-padding-small col-padding-small-xs description-container\"> <h4  class=\"font-500\">Votre caf\u00e9<\/h4> <p  class=\"\">Vous recevrez votre premier caf\u00e9 en m\u00eame temps que votre certificat : des grains de caf\u00e9 torr\u00e9fi\u00e9s, suffisamment pour pr\u00e9parer environ 10 tasses de caf\u00e9 de votre propre plantation.<\/p><\/div> <div  data-type=\"column\" class=\"col-padding-small col-padding-small-xs read-more-container\"><\/div> <\/div><\/div> <\/div><\/div> <\/div><div  data-label=\"Content\" data-id=\"content--2\" data-export-id=\"content-12\" data-category=\"content\" class=\"content-12 content-section content-section-spacing\" id=\"content-2\" style=\"background-color: rgba(251, 192, 45, 0.533); background-image: none;\"><div  class=\"gridContainer\"> <div  class=\"row text-center\"><div  class=\"section-title-col\" data-type=\"column\"> <h2  class=\"\">Regardez autour de vous<\/h2> <p  class=\"lead\">Veuillez cliquer sur la carte pour acc\u00e9der \u00e0 la plantation de caf\u00e9 sur Google Maps<\/p><\/div> <\/div> <div  class=\"row center-xs middle-xs\"> <div  class=\"col-sm-9\" data-type=\"column\"> <a data-cp-link=\"1\" href=\"https:\/\/www.google.com\/maps?q=-0.9536052%2C36.5306993&amp;z=17&amp;hl=de\" class=\"\" target=\"_blank\" rel=\"noopener\"><img decoding=\"async\"  class=\"shadow-large\" src=\"https:\/\/kenyaplantation.com\/wp-content\/uploads\/2021\/11\/cropped-kenya-plantage_lage-1024x829-1.jpg\" title=\"cropped-kenya-plantage_lage-1024x829-1.jpg\" alt=\"\"><\/a><\/div> <\/div><\/div> <\/div><div  data-label=\"Cta\" data-id=\"cta--1\" data-export-id=\"cta-centered-bg-section\" data-category=\"cta\" data-section-ov=\"1\" class=\"cta-centered-bg-section content-section content-section-spacing-medium white-text red_salvation\" data-parallax-depth=\"20\" id=\"cta-1\" style=\"background-size: cover; background-position: center top;\"><div  class=\"gridContainer\"> <div  class=\"row text-center\"><div  data-type=\"column\" class=\"\"> <h2  class=\"\">Devenez propri\u00e9taire de plantations d\u00e8s maintenant<\/h2> <a class=\"button big force-shadow color2\" href=\"https:\/\/noble-society.net\/en\/shop\/kenia-kaffeeplantage-kaufen\/kaffeeplantage-und-lord-lady-of-maimahiu-oder-embu\" target=\"_self\" data-cp-link=\"1\" data-icon=\"\" rel=\"noopener\">Acheter une plantation de caf\u00e9 et devenir un seigneur<\/a><\/div> <\/div><\/div> <\/div>","protected":false},"excerpt":{"rendered":"<p>Bienvenue Devenez copropri\u00e9taire d'une plantation de caf\u00e9 au Kenya Nakuru County, Kenya Assurez-vous un caf\u00e9 gratuit \u00e0 vie de votre propre plantation ! \u00c0 environ 30 kilom\u00e8tres au nord de Nairobi, la capitale du Kenya, nous avons achet\u00e9 un petit terrain dans le comt\u00e9 de Nakuru. Les habitants des environs y cultivent du caf\u00e9. Nous payons un prix bien sup\u00e9rieur \u00e0 la moyenne.... <br \/> <a class=\"read-more\" href=\"https:\/\/kenyaplantation.com\/fr\/\">Read more<\/a><\/p>","protected":false},"author":1,"featured_media":0,"parent":0,"menu_order":0,"comment_status":"closed","ping_status":"closed","template":"pro\/page-templates\/full-width-page.php","meta":{"footnotes":""},"class_list":["post-12","page","type-page","status-publish","hentry"],"_links":{"self":[{"href":"https:\/\/kenyaplantation.com\/fr\/wp-json\/wp\/v2\/pages\/12","targetHints":{"allow":["GET"]}}],"collection":[{"href":"https:\/\/kenyaplantation.com\/fr\/wp-json\/wp\/v2\/pages"}],"about":[{"href":"https:\/\/kenyaplantation.com\/fr\/wp-json\/wp\/v2\/types\/page"}],"author":[{"embeddable":true,"href":"https:\/\/kenyaplantation.com\/fr\/wp-json\/wp\/v2\/users\/1"}],"replies":[{"embeddable":true,"href":"https:\/\/kenyaplantation.com\/fr\/wp-json\/wp\/v2\/comments?post=12"}],"version-history":[{"count":22,"href":"https:\/\/kenyaplantation.com\/fr\/wp-json\/wp\/v2\/pages\/12\/revisions"}],"predecessor-version":[{"id":639,"href":"https:\/\/kenyaplantation.com\/fr\/wp-json\/wp\/v2\/pages\/12\/revisions\/639"}],"wp:attachment":[{"href":"https:\/\/kenyaplantation.com\/fr\/wp-json\/wp\/v2\/media?parent=12"}],"curies":[{"name":"wp","href":"https:\/\/api.w.org\/{rel}","templated":true}]}}