{"id":34,"date":"2021-04-18T15:33:20","date_gmt":"2021-04-18T13:33:20","guid":{"rendered":"https:\/\/kenyaplantation.com\/?page_id=34-old"},"modified":"2021-11-16T10:50:57","modified_gmt":"2021-11-16T09:50:57","slug":"shipping","status":"publish","type":"page","link":"https:\/\/kenyaplantation.com\/es\/shipping\/","title":{"rendered":"Pago y env\u00edo"},"content":{"rendered":"<h3 class=\"wp-block-heading\">Env\u00edo r\u00e1pido y asegurado<\/h3>\n\n\n\n<p>Enviamos todos los pedidos con\u00a0<strong>DHL y Parcel One\u00a0<\/strong>y le informar\u00e1 autom\u00e1ticamente del n\u00famero de parcela por correo electr\u00f3nico. Todos los pedidos se procesan y se env\u00edan en 24 horas en d\u00edas laborables.<\/p>\n\n\n\n<h3 class=\"wp-block-heading\"><strong>Env\u00edo desde Alemania<\/strong><\/h3>\n\n\n\n<ul class=\"wp-block-list\"><li>Env\u00edo est\u00e1ndar a todo el mundo: 7,90<\/li><li>Env\u00edo con seguimiento en todo el mundo: 12,90<\/li><\/ul>\n\n\n\n<h3 class=\"wp-block-heading\"><strong>M\u00e9todos de pago c\u00f3modos<\/strong><\/h3>\n\n\n\n<ul class=\"wp-block-list\"><li>Tarjeta de cr\u00e9dito a trav\u00e9s de STRIPE<\/li><li>Aceptaci\u00f3n de VISA \/ MASTERCARD a trav\u00e9s de Paypal<\/li><\/ul>\n\n\n\n<h3 class=\"wp-block-heading\"><strong>Env\u00edo r\u00e1pido, en todo el mundo<\/strong><\/h3>\n\n\n\n<ul class=\"wp-block-list\"><li><span style=\"font-size: 1rem;\">Europa: 2 - 6 d\u00edas laborables<\/span><\/li><li>Mundo 3-12 d\u00edas laborables<\/li><\/ul>\n\n\n\n<p><\/p>","protected":false},"excerpt":{"rendered":"<p>Env\u00edo r\u00e1pido y asegurado Enviamos todos los pedidos con DHL y Parcel One y le informamos autom\u00e1ticamente del n\u00famero de paquete por correo electr\u00f3nico. Todos los pedidos se procesan y se env\u00edan en 24 horas en d\u00edas laborables. El env\u00edo es desde Alemania Env\u00edo est\u00e1ndar en todo el mundo: 7,90 Env\u00edo con seguimiento en todo el mundo: 12,90 M\u00e9todos de pago convenientes Tarjeta de cr\u00e9dito a trav\u00e9s de STRIPE VISA \/ MASTERCARD Aceptaci\u00f3n a trav\u00e9s de... <br \/> <a class=\"read-more\" href=\"https:\/\/kenyaplantation.com\/es\/shipping\/\">Leer m\u00e1s<\/a><\/p>","protected":false},"author":1,"featured_media":0,"parent":0,"menu_order":0,"comment_status":"closed","ping_status":"closed","template":"","meta":{"footnotes":""},"class_list":["post-34","page","type-page","status-publish","hentry"],"_links":{"self":[{"href":"https:\/\/kenyaplantation.com\/es\/wp-json\/wp\/v2\/pages\/34","targetHints":{"allow":["GET"]}}],"collection":[{"href":"https:\/\/kenyaplantation.com\/es\/wp-json\/wp\/v2\/pages"}],"about":[{"href":"https:\/\/kenyaplantation.com\/es\/wp-json\/wp\/v2\/types\/page"}],"author":[{"embeddable":true,"href":"https:\/\/kenyaplantation.com\/es\/wp-json\/wp\/v2\/users\/1"}],"replies":[{"embeddable":true,"href":"https:\/\/kenyaplantation.com\/es\/wp-json\/wp\/v2\/comments?post=34"}],"version-history":[{"count":9,"href":"https:\/\/kenyaplantation.com\/es\/wp-json\/wp\/v2\/pages\/34\/revisions"}],"predecessor-version":[{"id":483,"href":"https:\/\/kenyaplantation.com\/es\/wp-json\/wp\/v2\/pages\/34\/revisions\/483"}],"wp:attachment":[{"href":"https:\/\/kenyaplantation.com\/es\/wp-json\/wp\/v2\/media?parent=34"}],"curies":[{"name":"wp","href":"https:\/\/api.w.org\/{rel}","templated":true}]}}