{"id":12,"date":"2021-04-18T14:56:44","date_gmt":"2021-04-18T12:56:44","guid":{"rendered":"https:\/\/kenyaplantation.com\/?page_id=12-old"},"modified":"2023-04-19T08:24:06","modified_gmt":"2023-04-19T06:24:06","slug":"kenya-plantation","status":"publish","type":"page","link":"https:\/\/kenyaplantation.com\/es\/","title":{"rendered":"Mi propia plantaci\u00f3n de caf\u00e9"},"content":{"rendered":"<div  data-label=\"About\" data-id=\"about--1\" data-export-id=\"about-text-image\" data-category=\"about\" class=\"about-text-image content-section content-section-spacing\" id=\"about-1\" style=\"background-color: rgba(52, 58, 64, 0.584); background-image: none;\"><div  class=\"gridContainer\"> <div  class=\"row\"><div  class=\"col-sm-6 col-padding-small-xs col-sm-padding-large bg-color5 white-text content-col\" data-type=\"column\"> <h5  class=\"\">Una c\u00e1lida bienvenida<\/h5> <h2  class=\"\">Convi\u00e9rtase en <span  style=\"font-family: &quot;Playfair Display&quot;, arial, helvetica, sans-serif; font-weight: 700; font-style: italic;\">Copropietario<\/span> a <span  style=\"font-style: italic;\"><span  style=\"font-family: &quot;Playfair Display&quot;, arial, helvetica, sans-serif; font-weight: 600;\">Plantaci\u00f3n de caf\u00e9 en Kenia&nbsp;<\/span><\/span><\/h2> <\/div> <div  class=\"col-sm-6 flexbox-strech center-xs middle-xs no-gutter-col\"><div  class=\"shadow-large overlap-left-large flexbox middle-xs center-xs right-img\" data-bg=\"image\" style=\"background-image: url(&quot;https:\/\/kenyaplantation.com\/wp-content\/uploads\/2021\/10\/cropped-keniakaffeeplantage.jpg&quot;);\"><\/div><\/div> <\/div><\/div> <\/div><div  data-label=\"About\" data-id=\"about--2\" data-export-id=\"about-images-right-section-mc\" data-category=\"about\" class=\"about-images-right-section-mc content-section content-section-spacing\" id=\"about-2\" style=\"background-color: rgba(251, 192, 45, 0.435); background-image: none;\"><div  class=\"gridContainer\"> <div  class=\"row middle-sm text-center\"><div  class=\"col-sm-5 content-left-sm\" data-type=\"column\"> <h5  class=\"\">Condado de Nakuru, Kenia<\/h5> <h2  class=\"\">\u00a1Obtenga caf\u00e9 gratis de su propia plantaci\u00f3n de por vida!<\/h2> <p  class=\"\">A unos 30 kil\u00f3metros al norte de Nairobi, la capital de Kenia, compramos un terreno en el condado de Nakuru. En esta tierra, la poblaci\u00f3n local cultiva caf\u00e9. Pagamos un salario muy superior a la media y proporcionamos a los agricultores todas las herramientas, el agua y el transporte necesarios. Esta plantaci\u00f3n de caf\u00e9 se financia con la compra de una copropiedad.<\/p> <\/div> <div  class=\"col-sm-7 space-bottom-xs\"><div  class=\"image-group-side-3-img\"> <img decoding=\"async\"  class=\"topimg shadow-large\" src=\"https:\/\/kenyaplantation.com\/wp-content\/uploads\/2021\/11\/cropped-kaffee1.jpg\" title=\"caf\u00e9 recortado1.jpg\" alt=\"\"> <img decoding=\"async\"  class=\"rightimg shadow-large\" src=\"https:\/\/kenyaplantation.com\/wp-content\/uploads\/2021\/11\/cropped-kaffee03.jpg\" title=\"recortado-caf\u00e903.jpg\" alt=\"\"> <div  class=\"leftimg\"> <img decoding=\"async\"  class=\"shadow-large\" src=\"https:\/\/kenyaplantation.com\/wp-content\/uploads\/2021\/11\/cropped-kaffee01.jpg\" title=\"recortado-caf\u00e901.jpg\" alt=\"\"><\/div> <\/div><\/div> <\/div><\/div> <\/div><div  data-label=\"About\" data-id=\"about--3\" data-export-id=\"about-image-text\" data-category=\"about\" class=\"about-image-text content-section content-section-spacing\" id=\"about-3\" style=\"background-color: rgba(52, 58, 64, 0.58); background-image: none;\"><div  class=\"gridContainer\"> <div  class=\"row\"><div  class=\"col-sm-6 flexbox-strech center-xs middle-xs no-gutter-col\"> <div  class=\"shadow-large overlap-right-large flexbox middle-xs center-xs left-img\" data-bg=\"image\" style=\"background-image: url(&quot;https:\/\/kenyaplantation.com\/wp-content\/uploads\/2021\/11\/cropped-embu-garten.jpg&quot;);\"><\/div><\/div> <div  class=\"col-sm-6 space-bottom-xs col-padding-small-xs col-sm-padding-large bg-color5 white-text content-col\" data-type=\"column\"><h5  class=\"\">Condado de Embu, Kenia<\/h5> <h2  class=\"\">Huerto comunitario en <span  style=\"font-family: &quot;Playfair Display&quot;, arial, helvetica, sans-serif; font-weight: 600; font-style: italic;\">Condado de Embu<\/span>, Kenia<\/h2> <p  class=\"\">Adem\u00e1s de la plantaci\u00f3n de caf\u00e9, tambi\u00e9n hemos comprado un terreno en Embu (a unos 120 kil\u00f3metros al noreste de Nairobi, en direcci\u00f3n al monte Kenia). Aqu\u00ed hemos construido un pozo y los habitantes del pueblo cercano pueden plantar lo que necesiten en esta parcela. Se trata principalmente de verduras, pero tambi\u00e9n crecen algunas hierbas. El huerto comunitario se cofinancia con los ingresos de la plantaci\u00f3n de caf\u00e9 y los habitantes se quedan con toda la cosecha.<\/p><\/div> <\/div><\/div> <\/div><div  data-label=\"Content\" data-id=\"content--1\" data-export-id=\"content-15\" data-category=\"content\" class=\"content-15 content-section content-section-spacing\" id=\"content-1\" style=\"background-color: rgba(251, 192, 45, 0.435); background-image: none;\"><div  class=\"gridContainer\"> <div  class=\"row middle-sm\"><div  class=\"col-sm-6 flexbox around-xs top-xs space-bottom-xs space-top-xs\"> <div  class=\"overlay-box flexbox middle-xs center-xs overlay-holder\"><div  class=\"overlay-box-offset offset-border shadow-medium border-color2 hide-xs\"><\/div> <img decoding=\"async\"  class=\"flexbox shadow-large img1\" data-size=\"500x500\" src=\"https:\/\/kenyaplantation.com\/wp-content\/uploads\/2021\/11\/cropped-kaffe_tasse_kenia.jpg\" title=\"taza de caf\u00e9 recortada_kenia.jpg\" alt=\"\"><\/div> <\/div> <div  class=\"col-sm-6\" data-type=\"column\"> <h2  class=\"\">Cada a\u00f1o <span  id=\"_mce_caret\" data-mce-bogus=\"1\" data-mce-type=\"format-caret\"><span  style=\"font-weight: 600;\"><\/span><\/span>se obtiene un <span  style=\"font-family: &quot;Playfair Display&quot;, arial, helvetica, sans-serif; font-weight: 700; font-style: italic;\">Libra de caf\u00e9<\/span> de su plantaci\u00f3n<\/h2> <p  class=\"\">Para ello, recibir\u00e1s un c\u00f3digo de cup\u00f3n de nuestra parte y podr\u00e1s recuperar tu caf\u00e9. S\u00f3lo se incurre en gastos de env\u00edo. Nos encargamos de todo, desde la cosecha hasta el tostado y el env\u00edo a usted.<\/p> <\/div> <\/div><\/div> <\/div><div  data-label=\"Features\" data-id=\"features--1\" data-export-id=\"features-16-card-bordered-mc\" data-category=\"features\" class=\"features-16-card-bordered-mc content-section content-section-spacing section-title-col-white-text\" id=\"features-1\" style=\"background-color: rgba(52, 58, 64, 0.706); background-image: none;\"><div  class=\"gridContainer\"> <div  class=\"row text-center\"><div  class=\"section-title-col\" data-type=\"column\"> <h5  class=\"\">Convertirse en propietario de una plantaci\u00f3n<\/h5> <h2  class=\"\">Para usted, o como una gran idea de regalo<\/h2> <p  class=\"lead\">No hay costes de seguimiento. Con su pago, usted es copropietario de la plantaci\u00f3n de caf\u00e9. S\u00f3lo se incurre en los gastos de env\u00edo habituales para la llamada de caf\u00e9.<\/p><\/div> <\/div> <div  class=\"row spaced-cols\" data-type=\"row\"> <div  class=\"col-xs-12 col-sm-6 col-md-4\"> <div  class=\"card no-padding bordered y-move\"> <img decoding=\"async\"  class=\"face\" src=\"https:\/\/kenyaplantation.com\/wp-content\/uploads\/2021\/11\/cropped-kenia-kaffeeplantage-kaufen.jpg\" title=\"cropped-kenia-compra-caf\u00e9-plantaci\u00f3n.jpg\" alt=\"\"> <div  data-type=\"column\" class=\"col-padding-small col-padding-small-xs description-container\"> <h4  class=\"font-500\">&nbsp;T\u00edtulo de propiedad<\/h4> <p  class=\"\">Por supuesto, obtendr\u00e1 una w<span  style=\"font-size: 1rem;\">t\u00edtulo de propiedad bellamente dise\u00f1ado. Aqu\u00ed est\u00e1 su nombre, la fecha y la ubicaci\u00f3n exacta de la plantaci\u00f3n de caf\u00e9.<\/span><\/p><\/div> <div  data-type=\"column\" class=\"col-padding-small col-padding-small-xs read-more-container\"><\/div> <\/div><\/div> <div  class=\"col-xs-12 col-sm-6 col-md-4\"><div  class=\"card no-padding bordered y-move\"> <img decoding=\"async\"  class=\"face\" src=\"https:\/\/kenyaplantation.com\/wp-content\/uploads\/2021\/11\/cropped-kenia_farmer.jpg\" title=\"recorte-kenia_agricultor.jpg\" alt=\"\"> <div  data-type=\"column\" class=\"col-padding-small col-padding-small-xs description-container\"> <h4  class=\"font-500\">Informaci\u00f3n<\/h4> <p  class=\"\">Un amplio y colorido folleto ofrece informaci\u00f3n sobre el proyecto, el pa\u00eds y sus habitantes. Todo viene junto en una hermosa carpeta de regalo<\/p><\/div> <div  data-type=\"column\" class=\"col-padding-small col-padding-small-xs read-more-container\"><\/div> <\/div><\/div> <div  class=\"col-xs-12 col-sm-6 col-md-4\"><div  class=\"card no-padding bordered y-move\"> <img decoding=\"async\"  class=\"face\" src=\"https:\/\/kenyaplantation.com\/wp-content\/uploads\/2021\/11\/cropped-eigener-kaffee-plantage.jpg\" title=\"recortado-propio-caf\u00e9-plantaci\u00f3n.jpg\" alt=\"\"> <div  data-type=\"column\" class=\"col-padding-small col-padding-small-xs description-container\"> <h4  class=\"font-500\">Su caf\u00e9<\/h4> <p  class=\"\">Junto con su certificado, tambi\u00e9n recibir\u00e1 el primer caf\u00e9: granos tostados, suficientes para unas 10 tazas de caf\u00e9 de su propia plantaci\u00f3n.<\/p><\/div> <div  data-type=\"column\" class=\"col-padding-small col-padding-small-xs read-more-container\"><\/div> <\/div><\/div> <\/div><\/div> <\/div><div  data-label=\"Content\" data-id=\"content--2\" data-export-id=\"content-12\" data-category=\"content\" class=\"content-12 content-section content-section-spacing\" id=\"content-2\" style=\"background-color: rgba(251, 192, 45, 0.533); background-image: none;\"><div  class=\"gridContainer\"> <div  class=\"row text-center\"><div  class=\"section-title-col\" data-type=\"column\"> <h2  class=\"\">Echa un vistazo<\/h2> <p  class=\"lead\">Haga clic en el mapa para ir a la plantaci\u00f3n de caf\u00e9 en Google Maps<\/p><\/div> <\/div> <div  class=\"row center-xs middle-xs\"> <div  class=\"col-sm-9\" data-type=\"column\"> <a data-cp-link=\"1\" href=\"https:\/\/www.google.com\/maps?q=-0.9536052%2C36.5306993&amp;z=17&amp;hl=de\" class=\"\" target=\"_blank\" rel=\"noopener\"><img decoding=\"async\"  class=\"shadow-large\" src=\"https:\/\/kenyaplantation.com\/wp-content\/uploads\/2021\/11\/cropped-kenya-plantage_lage-1024x829-1.jpg\" title=\"cropped-kenya-plantage_lage-1024x829-1.jpg\" alt=\"\"><\/a><\/div> <\/div><\/div> <\/div><div  data-label=\"Cta\" data-id=\"cta--1\" data-export-id=\"cta-centered-bg-section\" data-category=\"cta\" data-section-ov=\"1\" class=\"cta-centered-bg-section content-section content-section-spacing-medium white-text red_salvation\" data-parallax-depth=\"20\" id=\"cta-1\" style=\"background-size: cover; background-position: center top;\"><div  class=\"gridContainer\"> <div  class=\"row text-center\"><div  data-type=\"column\" class=\"\"> <h2  class=\"\">Convi\u00e9rtase en propietario de una plantaci\u00f3n ahora<\/h2> <a class=\"button big force-shadow color2\" href=\"https:\/\/noble-society.net\/en\/shop\/kenia-kaffeeplantage-kaufen\/kaffeeplantage-und-lord-lady-of-maimahiu-oder-embu\" target=\"_self\" data-cp-link=\"1\" data-icon=\"\" rel=\"noopener\">Compra una plantaci\u00f3n de caf\u00e9 y convi\u00e9rtete en un se\u00f1or<\/a><\/div> <\/div><\/div> <\/div>","protected":false},"excerpt":{"rendered":"<p>Bienvenido Convi\u00e9rtase en copropietario de una plantaci\u00f3n de caf\u00e9 en Kenia Condado de Nakuru, Kenia Asegure el caf\u00e9 gratis de por vida de su propia plantaci\u00f3n. A unos 30 kil\u00f3metros al norte de Nairobi, la capital de Kenia, hemos comprado un terreno en el condado de Nakuru. En esta tierra, la poblaci\u00f3n local cultiva caf\u00e9. Pagamos una cantidad muy superior a la media... <br \/> <a class=\"read-more\" href=\"https:\/\/kenyaplantation.com\/es\/\">Leer m\u00e1s<\/a><\/p>","protected":false},"author":1,"featured_media":0,"parent":0,"menu_order":0,"comment_status":"closed","ping_status":"closed","template":"pro\/page-templates\/full-width-page.php","meta":{"footnotes":""},"class_list":["post-12","page","type-page","status-publish","hentry"],"_links":{"self":[{"href":"https:\/\/kenyaplantation.com\/es\/wp-json\/wp\/v2\/pages\/12","targetHints":{"allow":["GET"]}}],"collection":[{"href":"https:\/\/kenyaplantation.com\/es\/wp-json\/wp\/v2\/pages"}],"about":[{"href":"https:\/\/kenyaplantation.com\/es\/wp-json\/wp\/v2\/types\/page"}],"author":[{"embeddable":true,"href":"https:\/\/kenyaplantation.com\/es\/wp-json\/wp\/v2\/users\/1"}],"replies":[{"embeddable":true,"href":"https:\/\/kenyaplantation.com\/es\/wp-json\/wp\/v2\/comments?post=12"}],"version-history":[{"count":22,"href":"https:\/\/kenyaplantation.com\/es\/wp-json\/wp\/v2\/pages\/12\/revisions"}],"predecessor-version":[{"id":639,"href":"https:\/\/kenyaplantation.com\/es\/wp-json\/wp\/v2\/pages\/12\/revisions\/639"}],"wp:attachment":[{"href":"https:\/\/kenyaplantation.com\/es\/wp-json\/wp\/v2\/media?parent=12"}],"curies":[{"name":"wp","href":"https:\/\/api.w.org\/{rel}","templated":true}]}}