{"id":30,"date":"2021-04-18T15:32:44","date_gmt":"2021-04-18T13:32:44","guid":{"rendered":"https:\/\/kenyaplantation.com\/?page_id=30-old"},"modified":"2021-11-16T13:35:38","modified_gmt":"2021-11-16T12:35:38","slug":"about-us","status":"publish","type":"page","link":"https:\/\/kenyaplantation.com\/de\/about-us\/","title":{"rendered":"\u00dcber uns"},"content":{"rendered":"<div data-label=\"About\" data-id=\"about--1\" data-export-id=\"about-text-image\" data-category=\"about\" class=\"about-text-image content-section content-section-spacing\" id=\"about-1\"  style=\"background-color: rgba(52, 58, 64, 0.91); background-image: none;\"><div class=\"gridContainer\" > <div class=\"row\" ><div class=\"col-sm-6 col-padding-small-xs col-sm-padding-large bg-color5 white-text content-col\" data-type=\"column\" > <h5 class=\"\" >terra presenta Ltd.<\/h5> <h2 class=\"\" >Wir unterst\u00fctzen Farmen in <span style=\"font-family: &quot;Playfair Display&quot;, arial, helvetica, sans-serif; font-weight: 600; font-style: italic;\" >Afrika<\/span>, <span style=\"font-family: &quot;Playfair Display&quot;, arial, helvetica, sans-serif; font-weight: 600; font-style: italic;\" >Asien <\/span>und&nbsp; <span style=\"font-family: &quot;Playfair Display&quot;, arial, helvetica, sans-serif; font-weight: 600; font-style: italic;\" >Lateinamerika<\/span> mit gezielten Investitionen<\/h2> <p class=\"\"  style=\"text-align: justify;\">Der Schwerpunkt unserer Arbeit liegt auf Farmen und Plantagen, die durch wirtschaftliche Ver\u00e4nderungen in ihrem Umfeld vor Herausforderungen stehen. Hier helfen wir mit \u00fcberschaubaren Investitionen. Als unabh\u00e4ngiges Unternehmen, das in direktem Kontakt mit den Farmern und Plantagenbesitzern steht, k\u00f6nnen wir ohne gro\u00dfen administrativen Aufwand schnell und individuell handeln.<\/p><\/div> <div class=\"col-sm-6 flexbox-strech center-xs middle-xs no-gutter-col\" ><div class=\"shadow-large overlap-left-large flexbox middle-xs center-xs right-img\" data-bg=\"image\"  style=\"background-image: url(&quot;https:\/\/kenyaplantation.com\/wp-content\/uploads\/2021\/11\/cropped-team-scaled-1.jpg&quot;);\"><\/div><\/div> <\/div><\/div> <\/div><div data-label=\"About\" data-id=\"about--2\" data-export-id=\"about-image-text\" data-category=\"about\" class=\"about-image-text content-section content-section-spacing\" id=\"about-2\"  style=\"background-color: rgba(52, 58, 64, 0.91); background-image: none;\"><div class=\"gridContainer\" > <div class=\"row\" ><div class=\"col-sm-6 flexbox-strech center-xs middle-xs no-gutter-col\" > <div class=\"shadow-large overlap-right-large flexbox middle-xs center-xs left-img\" data-bg=\"image\"  style=\"background-image: url(&quot;https:\/\/kenyaplantation.com\/wp-content\/uploads\/2021\/11\/cropped-asien-girl-scaled-1.jpg&quot;);\"><\/div><\/div> <div class=\"col-sm-6 space-bottom-xs col-padding-small-xs col-sm-padding-large bg-color5 white-text content-col\" data-type=\"column\" >  <p class=\"\"  style=\"text-align: justify;\">In vielen L\u00e4ndern herrschen gro\u00dfe Ungerechtigkeiten, die die Bauern vor Ort benachteiligen. Gerade in \u00e4rmeren Regionen der Welt werden G\u00fcter des t\u00e4glichen Bedarfs meist von gro\u00dfen Konzernen verkauft. Das liegt nicht an mangelnden Ressourcen, sondern daran, dass Gro\u00dfkonzerne den lokalen Anbau durch Dumpingpreise unrentabel machen. Unsere Arbeit setzt genau dort an. Mit lokaler Initiative unterst\u00fctzen wir direkt den Bauern und damit die gesamte Region. Wir wollen die Bauern in die Lage versetzen, profitabel zu wirtschaften. Unser Ziel ist es, die Partner in die Lage zu versetzen, ihren Entwicklungsweg selbst zu bestimmen, indem sie sich f\u00fcr einen globalen \u00f6konomischen, \u00f6kologischen und sozialen Fortschritt einsetzen.<\/p><\/div> <\/div><\/div> <\/div><div data-label=\"Content\" data-id=\"content--1\" data-export-id=\"content-12\" data-category=\"content\" class=\"content-12 content-section content-section-spacing white-text\" id=\"content-1\"  style=\"background-color: rgba(52, 58, 64, 0.91); background-image: none;\"><div class=\"gridContainer\" > <div class=\"row text-center\" ><div class=\"section-title-col\" data-type=\"column\" >  <p class=\"lead\" >Wenn Sie sich an einem Projekt beteiligen m\u00f6chten, bieten wir Ihnen eine symbolische Miteigent\u00fcmerschaft an einer Plantage oder Farm an. Sie erhalten eine sch\u00f6ne, pr\u00e4chtige Eigentumsurkunde und in vielen F\u00e4llen sogar einen Adelstitel dazu. Damit unterst\u00fctzen Sie direkt das jeweilige Projekt und haben eine gerahmte Urkunde in Ihrem Wohnzimmer, die sicherlich f\u00fcr Erstaunen und viel Gespr\u00e4chsstoff sorgen wird.\n<br ><\/p><a class=\"button big force-shadow color3\" href=\"https:\/\/kenyaplantation.com\/de\/contact-us\" target=\"_self\" data-cp-link=\"1\" data-icon=\"\" rel=\"noopener\">Kontakt<\/a><p  class=\"\">\n<br ><\/p><\/div> <\/div> <div class=\"row center-xs middle-xs\" > <div class=\"col-sm-9\" data-type=\"column\" > <img decoding=\"async\" class=\"shadow-large\" src=\"https:\/\/kenyaplantation.com\/wp-content\/uploads\/2021\/11\/cropped-freude-scaled-1.jpg\"  title=\"cropped-freude-scaled-1.jpg\" alt=\"\"><\/div> <\/div><\/div> <\/div>","protected":false},"excerpt":{"rendered":"<p>terra presenta Ltd. Wir unterst\u00fctzen Farmen in Afrika, Asien und&nbsp; Lateinamerika mit gezielten Investitionen Der Schwerpunkt unserer Arbeit liegt auf Farmen und Plantagen, die durch wirtschaftliche Ver\u00e4nderungen in ihrem Umfeld vor Herausforderungen stehen. Hier helfen wir mit \u00fcberschaubaren Investitionen. Als unabh\u00e4ngiges Unternehmen, das in direktem Kontakt mit den Farmern und Plantagenbesitzern steht, k\u00f6nnen wir ohne&hellip; <br \/> <a class=\"read-more\" href=\"https:\/\/kenyaplantation.com\/de\/about-us\/\">Read more<\/a><\/p>\n","protected":false},"author":1,"featured_media":0,"parent":0,"menu_order":0,"comment_status":"closed","ping_status":"closed","template":"pro\/page-templates\/full-width-page.php","meta":{"footnotes":""},"class_list":["post-30","page","type-page","status-publish","hentry"],"_links":{"self":[{"href":"https:\/\/kenyaplantation.com\/de\/wp-json\/wp\/v2\/pages\/30","targetHints":{"allow":["GET"]}}],"collection":[{"href":"https:\/\/kenyaplantation.com\/de\/wp-json\/wp\/v2\/pages"}],"about":[{"href":"https:\/\/kenyaplantation.com\/de\/wp-json\/wp\/v2\/types\/page"}],"author":[{"embeddable":true,"href":"https:\/\/kenyaplantation.com\/de\/wp-json\/wp\/v2\/users\/1"}],"replies":[{"embeddable":true,"href":"https:\/\/kenyaplantation.com\/de\/wp-json\/wp\/v2\/comments?post=30"}],"version-history":[{"count":11,"href":"https:\/\/kenyaplantation.com\/de\/wp-json\/wp\/v2\/pages\/30\/revisions"}],"predecessor-version":[{"id":606,"href":"https:\/\/kenyaplantation.com\/de\/wp-json\/wp\/v2\/pages\/30\/revisions\/606"}],"wp:attachment":[{"href":"https:\/\/kenyaplantation.com\/de\/wp-json\/wp\/v2\/media?parent=30"}],"curies":[{"name":"wp","href":"https:\/\/api.w.org\/{rel}","templated":true}]}}