{"id":12,"date":"2021-04-18T14:56:44","date_gmt":"2021-04-18T12:56:44","guid":{"rendered":"https:\/\/kenyaplantation.com\/?page_id=12-old"},"modified":"2023-04-19T08:24:06","modified_gmt":"2023-04-19T06:24:06","slug":"kenya-plantation","status":"publish","type":"page","link":"https:\/\/kenyaplantation.com\/de\/","title":{"rendered":"Meine eigene Kaffeeplantage"},"content":{"rendered":"<div  data-label=\"About\" data-id=\"about--1\" data-export-id=\"about-text-image\" data-category=\"about\" class=\"about-text-image content-section content-section-spacing\" id=\"about-1\" style=\"background-color: rgba(52, 58, 64, 0.584); background-image: none;\"><div  class=\"gridContainer\"> <div  class=\"row\"><div  class=\"col-sm-6 col-padding-small-xs col-sm-padding-large bg-color5 white-text content-col\" data-type=\"column\"> <h5  class=\"\">Herzlich willkommen<\/h5> <h2  class=\"\">Werden Sie <span  style=\"font-family: &quot;Playfair Display&quot;, arial, helvetica, sans-serif; font-weight: 700; font-style: italic;\">Miteigent\u00fcmer<\/span> einer <span  style=\"font-style: italic;\"><span  style=\"font-family: &quot;Playfair Display&quot;, arial, helvetica, sans-serif; font-weight: 600;\">Kaffeeplantage in Kenia&nbsp;<\/span><\/span><\/h2> <\/div> <div  class=\"col-sm-6 flexbox-strech center-xs middle-xs no-gutter-col\"><div  class=\"shadow-large overlap-left-large flexbox middle-xs center-xs right-img\" data-bg=\"image\" style=\"background-image: url(&quot;https:\/\/kenyaplantation.com\/wp-content\/uploads\/2021\/10\/cropped-keniakaffeeplantage.jpg&quot;);\"><\/div><\/div> <\/div><\/div> <\/div><div  data-label=\"About\" data-id=\"about--2\" data-export-id=\"about-images-right-section-mc\" data-category=\"about\" class=\"about-images-right-section-mc content-section content-section-spacing\" id=\"about-2\" style=\"background-color: rgba(251, 192, 45, 0.435); background-image: none;\"><div  class=\"gridContainer\"> <div  class=\"row middle-sm text-center\"><div  class=\"col-sm-5 content-left-sm\" data-type=\"column\"> <h5  class=\"\">Nakuru County, Kenia<\/h5> <h2  class=\"\">Sichern Sie sich lebenslang kostenlosen Kaffee von der eigenen Plantage!<\/h2> <p  class=\"\">Etwa 30 Kilometer Kilometer n\u00f6rdlich von Nairobi, der Hauptstadt Kenias, haben wir ein St\u00fcckchen Land im Nakuru County gekauft. Auf diesem pflanzen Bewohner aus der Umgebung Kaffee an. Wir bezahlen einen weit&nbsp; \u00fcberdurchschnittlichen Lohn und statten die Farmer mit allen n\u00f6tigen Werkzeugen, Wasser und Transportm\u00f6glichkeiten aus. Finanziert wird diese Kaffeeplantage durch Ihren Kauf eines Miteigentums.<\/p> <\/div> <div  class=\"col-sm-7 space-bottom-xs\"><div  class=\"image-group-side-3-img\"> <img decoding=\"async\"  class=\"topimg shadow-large\" src=\"https:\/\/kenyaplantation.com\/wp-content\/uploads\/2021\/11\/cropped-kaffee1.jpg\" title=\"cropped-kaffee1.jpg\" alt=\"\"> <img decoding=\"async\"  class=\"rightimg shadow-large\" src=\"https:\/\/kenyaplantation.com\/wp-content\/uploads\/2021\/11\/cropped-kaffee03.jpg\" title=\"cropped-kaffee03.jpg\" alt=\"\"> <div  class=\"leftimg\"> <img decoding=\"async\"  class=\"shadow-large\" src=\"https:\/\/kenyaplantation.com\/wp-content\/uploads\/2021\/11\/cropped-kaffee01.jpg\" title=\"cropped-kaffee01.jpg\" alt=\"\"><\/div> <\/div><\/div> <\/div><\/div> <\/div><div  data-label=\"About\" data-id=\"about--3\" data-export-id=\"about-image-text\" data-category=\"about\" class=\"about-image-text content-section content-section-spacing\" id=\"about-3\" style=\"background-color: rgba(52, 58, 64, 0.58); background-image: none;\"><div  class=\"gridContainer\"> <div  class=\"row\"><div  class=\"col-sm-6 flexbox-strech center-xs middle-xs no-gutter-col\"> <div  class=\"shadow-large overlap-right-large flexbox middle-xs center-xs left-img\" data-bg=\"image\" style=\"background-image: url(&quot;https:\/\/kenyaplantation.com\/wp-content\/uploads\/2021\/11\/cropped-embu-garten.jpg&quot;);\"><\/div><\/div> <div  class=\"col-sm-6 space-bottom-xs col-padding-small-xs col-sm-padding-large bg-color5 white-text content-col\" data-type=\"column\"><h5  class=\"\">Embu County, Kenia<\/h5> <h2  class=\"\">Community Garten in <span  style=\"font-family: &quot;Playfair Display&quot;, arial, helvetica, sans-serif; font-weight: 600; font-style: italic;\">Embu County<\/span>, Kenia<\/h2> <p  class=\"\">Neben der Kaffeeplantage haben wir auch ein St\u00fcckchen Land in Embu ( ungef\u00e4hr 120 Kilometer nord\u00f6stlich von Nairobi, in Richtung des Mount Kenya ) gekauft. Hier haben wir einen Brunnen errichtet und die Bewohner des nahen Dorfes d\u00fcrfen auf diesem Grundst\u00fcck anpflanzen, was sie ben\u00f6tigen. Das ist vor allem Gem\u00fcse, aber auch einige Kr\u00e4uter wachsen hier. Der Community Garten wird aus den Erl\u00f6sen der Kaffeeplantage mitfinanziert und die Bewohner behalten die komplette Ernte f\u00fcr sich selbst.<\/p><\/div> <\/div><\/div> <\/div><div  data-label=\"Content\" data-id=\"content--1\" data-export-id=\"content-15\" data-category=\"content\" class=\"content-15 content-section content-section-spacing\" id=\"content-1\" style=\"background-color: rgba(251, 192, 45, 0.435); background-image: none;\"><div  class=\"gridContainer\"> <div  class=\"row middle-sm\"><div  class=\"col-sm-6 flexbox around-xs top-xs space-bottom-xs space-top-xs\"> <div  class=\"overlay-box flexbox middle-xs center-xs overlay-holder\"><div  class=\"overlay-box-offset offset-border shadow-medium border-color2 hide-xs\"><\/div> <img decoding=\"async\"  class=\"flexbox shadow-large img1\" data-size=\"500x500\" src=\"https:\/\/kenyaplantation.com\/wp-content\/uploads\/2021\/11\/cropped-kaffe_tasse_kenia.jpg\" title=\"cropped-kaffe_tasse_kenia.jpg\" alt=\"\"><\/div> <\/div> <div  class=\"col-sm-6\" data-type=\"column\"> <h2  class=\"\">Jedes Jahr <span  id=\"_mce_caret\" data-mce-bogus=\"1\" data-mce-type=\"format-caret\"><span  style=\"font-weight: 600;\">\ufeff<\/span><\/span>erhalten Sie ein <span  style=\"font-family: &quot;Playfair Display&quot;, arial, helvetica, sans-serif; font-weight: 700; font-style: italic;\">Pfund Kaffee<\/span> von Ihrer Plantage<\/h2> <p  class=\"\">Dazu bekommen Sie von uns einen Gutscheincode und k\u00f6nnen Ihren Kaffee abrufen. Lediglich Versandkosten fallen an. Wir \u00fcbernehmen von der Ernte \u00fcber die R\u00f6stung bis zum Versand an Sie alles n\u00f6tige.<\/p> <\/div> <\/div><\/div> <\/div><div  data-label=\"Features\" data-id=\"features--1\" data-export-id=\"features-16-card-bordered-mc\" data-category=\"features\" class=\"features-16-card-bordered-mc content-section content-section-spacing section-title-col-white-text\" id=\"features-1\" style=\"background-color: rgba(52, 58, 64, 0.706); background-image: none;\"><div  class=\"gridContainer\"> <div  class=\"row text-center\"><div  class=\"section-title-col\" data-type=\"column\"> <h5  class=\"\">Werden Sie Plantagen Besitzer<\/h5> <h2  class=\"\">F\u00fcr Sie selbst, oder als tolle Geschenkidee<\/h2> <p  class=\"lead\">Es fallen keinerlei Folgekosten an. Mit Ihrer Zahlung sind Sie Mitbesitzer der Kaffeeplantage. F\u00fcr den Kaffee Abruf fallen lediglich Versandkosten im \u00fcblichen Rahmen an<\/p><\/div> <\/div> <div  class=\"row spaced-cols\" data-type=\"row\"> <div  class=\"col-xs-12 col-sm-6 col-md-4\"> <div  class=\"card no-padding bordered y-move\"> <img decoding=\"async\"  class=\"face\" src=\"https:\/\/kenyaplantation.com\/wp-content\/uploads\/2021\/11\/cropped-kenia-kaffeeplantage-kaufen.jpg\" title=\"cropped-kenia-kaffeeplantage-kaufen.jpg\" alt=\"\"> <div  data-type=\"column\" class=\"col-padding-small col-padding-small-xs description-container\"> <h4  class=\"font-500\">&nbsp;Besitzurkunde<\/h4> <p  class=\"\">Sie bekommen nat\u00fcrlich eine w<span  style=\"font-size: 1rem;\">undersch\u00f6n gestaltete Besitzurkunde. Hier steht Ihr Name , das Datum und die genaue Lage der Kaffeeplantage<\/span><\/p><\/div> <div  data-type=\"column\" class=\"col-padding-small col-padding-small-xs read-more-container\"><\/div> <\/div><\/div> <div  class=\"col-xs-12 col-sm-6 col-md-4\"><div  class=\"card no-padding bordered y-move\"> <img decoding=\"async\"  class=\"face\" src=\"https:\/\/kenyaplantation.com\/wp-content\/uploads\/2021\/11\/cropped-kenia_farmer.jpg\" title=\"cropped-kenia_farmer.jpg\" alt=\"\"> <div  data-type=\"column\" class=\"col-padding-small col-padding-small-xs description-container\"> <h4  class=\"font-500\">Informationen<\/h4> <p  class=\"\">Eine gro\u00dfe, umfangreiche und farbige Brosch\u00fcre informiert \u00fcber das Projekt, Land und Leute. Alles zusammen kommt in einer sch\u00f6nen Geschenkmappe<\/p><\/div> <div  data-type=\"column\" class=\"col-padding-small col-padding-small-xs read-more-container\"><\/div> <\/div><\/div> <div  class=\"col-xs-12 col-sm-6 col-md-4\"><div  class=\"card no-padding bordered y-move\"> <img decoding=\"async\"  class=\"face\" src=\"https:\/\/kenyaplantation.com\/wp-content\/uploads\/2021\/11\/cropped-eigener-kaffee-plantage.jpg\" title=\"cropped-eigener-kaffee-plantage.jpg\" alt=\"\"> <div  data-type=\"column\" class=\"col-padding-small col-padding-small-xs description-container\"> <h4  class=\"font-500\">Ihr Kaffee<\/h4> <p  class=\"\">Sie bekommen zusammen mit Ihrer Urkunde auch schon&nbsp;den ersten Kaffee: ger\u00f6stete Bohnen, genug f\u00fcr etwa 10 Tassen Kaffee von der eigenen Plantage<\/p><\/div> <div  data-type=\"column\" class=\"col-padding-small col-padding-small-xs read-more-container\"><\/div> <\/div><\/div> <\/div><\/div> <\/div><div  data-label=\"Content\" data-id=\"content--2\" data-export-id=\"content-12\" data-category=\"content\" class=\"content-12 content-section content-section-spacing\" id=\"content-2\" style=\"background-color: rgba(251, 192, 45, 0.533); background-image: none;\"><div  class=\"gridContainer\"> <div  class=\"row text-center\"><div  class=\"section-title-col\" data-type=\"column\"> <h2  class=\"\">Schauen Sie sich um<\/h2> <p  class=\"lead\">Bitte klicken Sie auf die Karte, um zur Kaffeeplantage auf Google Maps zu kommen<\/p><\/div> <\/div> <div  class=\"row center-xs middle-xs\"> <div  class=\"col-sm-9\" data-type=\"column\"> <a data-cp-link=\"1\" href=\"https:\/\/www.google.com\/maps?q=-0.9536052%2C36.5306993&amp;z=17&amp;hl=de\" class=\"\" target=\"_blank\" rel=\"noopener\"><img decoding=\"async\"  class=\"shadow-large\" src=\"https:\/\/kenyaplantation.com\/wp-content\/uploads\/2021\/11\/cropped-kenya-plantage_lage-1024x829-1.jpg\" title=\"cropped-kenya-plantage_lage-1024x829-1.jpg\" alt=\"\"><\/a><\/div> <\/div><\/div> <\/div><div  data-label=\"Cta\" data-id=\"cta--1\" data-export-id=\"cta-centered-bg-section\" data-category=\"cta\" data-section-ov=\"1\" class=\"cta-centered-bg-section content-section content-section-spacing-medium white-text red_salvation\" data-parallax-depth=\"20\" id=\"cta-1\" style=\"background-size: cover; background-position: center top;\"><div  class=\"gridContainer\"> <div  class=\"row text-center\"><div  data-type=\"column\" class=\"\"> <h2  class=\"\">Werden Sie jetzt Plantagen Besitzer<\/h2> <a class=\"button big force-shadow color2\" href=\"https:\/\/noble-society.net\/en\/shop\/kenia-kaffeeplantage-kaufen\/kaffeeplantage-und-lord-lady-of-maimahiu-oder-embu\" target=\"_self\" data-cp-link=\"1\" data-icon=\"\" rel=\"noopener\">Kaffeeplantage kaufen und Lord werden<\/a><\/div> <\/div><\/div> <\/div>","protected":false},"excerpt":{"rendered":"<p>Herzlich willkommen Werden Sie Miteigent\u00fcmer einer Kaffeeplantage in Kenia&nbsp; Nakuru County, Kenia Sichern Sie sich lebenslang kostenlosen Kaffee von der eigenen Plantage! Etwa 30 Kilometer Kilometer n\u00f6rdlich von Nairobi, der Hauptstadt Kenias, haben wir ein St\u00fcckchen Land im Nakuru County gekauft. Auf diesem pflanzen Bewohner aus der Umgebung Kaffee an. Wir bezahlen einen weit&nbsp; \u00fcberdurchschnittlichen&hellip; <br \/> <a class=\"read-more\" href=\"https:\/\/kenyaplantation.com\/de\/\">Read more<\/a><\/p>\n","protected":false},"author":1,"featured_media":0,"parent":0,"menu_order":0,"comment_status":"closed","ping_status":"closed","template":"pro\/page-templates\/full-width-page.php","meta":{"footnotes":""},"class_list":["post-12","page","type-page","status-publish","hentry"],"_links":{"self":[{"href":"https:\/\/kenyaplantation.com\/de\/wp-json\/wp\/v2\/pages\/12","targetHints":{"allow":["GET"]}}],"collection":[{"href":"https:\/\/kenyaplantation.com\/de\/wp-json\/wp\/v2\/pages"}],"about":[{"href":"https:\/\/kenyaplantation.com\/de\/wp-json\/wp\/v2\/types\/page"}],"author":[{"embeddable":true,"href":"https:\/\/kenyaplantation.com\/de\/wp-json\/wp\/v2\/users\/1"}],"replies":[{"embeddable":true,"href":"https:\/\/kenyaplantation.com\/de\/wp-json\/wp\/v2\/comments?post=12"}],"version-history":[{"count":22,"href":"https:\/\/kenyaplantation.com\/de\/wp-json\/wp\/v2\/pages\/12\/revisions"}],"predecessor-version":[{"id":639,"href":"https:\/\/kenyaplantation.com\/de\/wp-json\/wp\/v2\/pages\/12\/revisions\/639"}],"wp:attachment":[{"href":"https:\/\/kenyaplantation.com\/de\/wp-json\/wp\/v2\/media?parent=12"}],"curies":[{"name":"wp","href":"https:\/\/api.w.org\/{rel}","templated":true}]}}